{"id":13,"date":"2022-09-22T07:28:29","date_gmt":"2022-09-22T07:28:29","guid":{"rendered":"https:\/\/www.basenji.bg\/?page_id=13"},"modified":"2022-10-01T08:03:08","modified_gmt":"2022-10-01T08:03:08","slug":"%d0%b1%d0%b0%d1%81%d0%b5%d0%bd%d0%b4%d0%b6%d0%b8-%d0%bd%d0%b0%d1%87%d0%b0%d0%bb%d0%be","status":"publish","type":"page","link":"https:\/\/www.basenji.bg\/en\/","title":{"rendered":"\u041d\u0430\u0447\u0430\u043b\u043e"},"content":{"rendered":"<div data-elementor-type=\"wp-page\" data-elementor-id=\"13\" class=\"elementor elementor-13\">\n\t\t\t\t\t\t\t\t\t<section class=\"elementor-section elementor-top-section elementor-element elementor-element-931a0fc elementor-section-full_width elementor-section-height-full elementor-hidden-mobile elementor-section-height-default elementor-section-items-middle\" data-id=\"931a0fc\" data-element_type=\"section\" data-settings=\"{&quot;background_background&quot;:&quot;classic&quot;}\">\n\t\t\t\t\t\t<div class=\"elementor-container elementor-column-gap-default\">\n\t\t\t\t\t<div class=\"elementor-column elementor-col-100 elementor-top-column elementor-element elementor-element-97a576f\" data-id=\"97a576f\" data-element_type=\"column\">\n\t\t\t<div class=\"elementor-widget-wrap\">\n\t\t\t\t\t\t\t\t\t<\/div>\n\t\t<\/div>\n\t\t\t\t\t\t\t<\/div>\n\t\t<\/section>\n\t\t\t\t<section class=\"elementor-section elementor-top-section elementor-element elementor-element-e4dc391 elementor-section-full_width elementor-section-height-min-height elementor-hidden-desktop elementor-hidden-tablet elementor-section-height-default elementor-section-items-middle\" data-id=\"e4dc391\" data-element_type=\"section\" data-settings=\"{&quot;background_background&quot;:&quot;classic&quot;}\">\n\t\t\t\t\t\t<div class=\"elementor-container elementor-column-gap-default\">\n\t\t\t\t\t<div class=\"elementor-column elementor-col-100 elementor-top-column elementor-element elementor-element-31b44ef\" data-id=\"31b44ef\" data-element_type=\"column\">\n\t\t\t<div class=\"elementor-widget-wrap\">\n\t\t\t\t\t\t\t\t\t<\/div>\n\t\t<\/div>\n\t\t\t\t\t\t\t<\/div>\n\t\t<\/section>\n\t\t\t\t\t\t\t<\/div>","protected":false},"excerpt":{"rendered":"<p>xosotin chelseath\u00f4ng tin chuy\u1ec3n nh\u01b0\u1ee3ngc\u00e2u l\u1ea1c b\u1ed9 b\u00f3ng \u0111\u00e1 arsenalb\u00f3ng \u0111\u00e1 atalantabundesligac\u1ea7u th\u1ee7 haalandUEFAevertonxosofutebol ao vivofutemaxmulticanaisonbetb\u00f3ng \u0111\u00e1 world cupb\u00f3ng \u0111\u00e1 inter milantin juventusbenzemala ligaclb leicester cityMUman citymessi lionelsalahnapolineymarpsgronaldoserie atottenhamvalenciaAS ROMALeverkusenac milanmbappenapolinewcastleaston villaliverpoolfa cupreal madridpremier leagueAjaxbao bong da247EPLbarcelonabournemouthaff cupasean footballb\u00ean l\u1ec1 s\u00e2n c\u1ecfb\u00e1o b\u00f3ng \u0111\u00e1 m\u1edbib\u00f3ng \u0111\u00e1 c\u00fap th\u1ebf gi\u1edbitin b\u00f3ng \u0111\u00e1 Vi\u1ec7tUEFAb\u00e1o b\u00f3ng \u0111\u00e1 vi\u1ec7t [&hellip;]<\/p>","protected":false},"author":1,"featured_media":0,"parent":0,"menu_order":0,"comment_status":"closed","ping_status":"closed","template":"elementor_header_footer","meta":{"footnotes":""},"yoast_head":"<!-- This site is optimized with the Yoast SEO plugin v19.7.1 - https:\/\/yoast.com\/wordpress\/plugins\/seo\/ -->\n<title>\u041f\u043e\u0440\u043e\u0434\u0430 \u043a\u0443\u0447\u0435\u0442\u0430 \u0411\u0430\u0441\u0435\u043d\u0434\u0436\u0438 \/ Basenji \u0420\u0430\u0437\u0432\u044a\u0434\u043d\u0438\u043a \u043d\u0430 \u043a\u0443\u0447\u0435\u0442\u0430 Basenji<\/title>\n<meta name=\"description\" content=\"Basenji \u0420\u0430\u0437\u0432\u044a\u0434\u043d\u0438\u043a \u0437\u0430 \u043a\u0443\u0447\u0435\u0442\u0430 \u043e\u0442 \u043f\u043e\u0440\u043e\u0434\u0430 \u0411\u0430\u0441\u0435\u043d\u0434\u0436\u0438. \u0410\u0444\u0440\u0438\u043a\u0430\u043d\u0441\u043a\u0430 \u043f\u043e\u0440\u043e\u0434\u0430 \u043a\u0443\u0447\u0435\u0442\u0430 \u0411\u0430\u0441\u0435\u043d\u0434\u0436\u0438 Basenji \u041a\u0443\u0447\u0435\u0448\u043a\u0438 \u0440\u0430\u0437\u0432\u044a\u0434\u043d\u0438\u043a \u0437\u0430 \u043f\u043e\u0440\u043e\u0434\u0438\u0441\u0442\u0438 \u043a\u0443\u0447\u0435\u0442\u0430 Basenji dogs\" \/>\n<meta name=\"robots\" content=\"index, follow, max-snippet:-1, max-image-preview:large, max-video-preview:-1\" \/>\n<link rel=\"canonical\" href=\"https:\/\/www.basenji.bg\/en\/\" \/>\n<meta property=\"og:locale\" content=\"en_US\" \/>\n<meta property=\"og:type\" content=\"article\" \/>\n<meta property=\"og:title\" content=\"\u041f\u043e\u0440\u043e\u0434\u0430 \u043a\u0443\u0447\u0435\u0442\u0430 \u0411\u0430\u0441\u0435\u043d\u0434\u0436\u0438 \/ Basenji \u0420\u0430\u0437\u0432\u044a\u0434\u043d\u0438\u043a \u043d\u0430 \u043a\u0443\u0447\u0435\u0442\u0430 Basenji\" \/>\n<meta property=\"og:description\" content=\"Basenji \u0420\u0430\u0437\u0432\u044a\u0434\u043d\u0438\u043a \u0437\u0430 \u043a\u0443\u0447\u0435\u0442\u0430 \u043e\u0442 \u043f\u043e\u0440\u043e\u0434\u0430 \u0411\u0430\u0441\u0435\u043d\u0434\u0436\u0438. \u0410\u0444\u0440\u0438\u043a\u0430\u043d\u0441\u043a\u0430 \u043f\u043e\u0440\u043e\u0434\u0430 \u043a\u0443\u0447\u0435\u0442\u0430 \u0411\u0430\u0441\u0435\u043d\u0434\u0436\u0438 Basenji \u041a\u0443\u0447\u0435\u0448\u043a\u0438 \u0440\u0430\u0437\u0432\u044a\u0434\u043d\u0438\u043a \u0437\u0430 \u043f\u043e\u0440\u043e\u0434\u0438\u0441\u0442\u0438 \u043a\u0443\u0447\u0435\u0442\u0430 Basenji dogs\" \/>\n<meta property=\"og:url\" content=\"https:\/\/www.basenji.bg\/en\/\" \/>\n<meta property=\"og:site_name\" content=\"basenji.bg\" \/>\n<meta property=\"article:modified_time\" content=\"2022-10-01T08:03:08+00:00\" \/>\n<meta name=\"twitter:card\" content=\"summary_large_image\" \/>\n<script type=\"application\/ld+json\" class=\"yoast-schema-graph\">{\"@context\":\"https:\/\/schema.org\",\"@graph\":[{\"@type\":\"WebPage\",\"@id\":\"https:\/\/www.basenji.bg\/\",\"url\":\"https:\/\/www.basenji.bg\/\",\"name\":\"\u041f\u043e\u0440\u043e\u0434\u0430 \u043a\u0443\u0447\u0435\u0442\u0430 \u0411\u0430\u0441\u0435\u043d\u0434\u0436\u0438 \/ Basenji \u0420\u0430\u0437\u0432\u044a\u0434\u043d\u0438\u043a \u043d\u0430 \u043a\u0443\u0447\u0435\u0442\u0430 Basenji\",\"isPartOf\":{\"@id\":\"https:\/\/www.basenji.bg\/#website\"},\"datePublished\":\"2022-09-22T07:28:29+00:00\",\"dateModified\":\"2022-10-01T08:03:08+00:00\",\"description\":\"Basenji \u0420\u0430\u0437\u0432\u044a\u0434\u043d\u0438\u043a \u0437\u0430 \u043a\u0443\u0447\u0435\u0442\u0430 \u043e\u0442 \u043f\u043e\u0440\u043e\u0434\u0430 \u0411\u0430\u0441\u0435\u043d\u0434\u0436\u0438. \u0410\u0444\u0440\u0438\u043a\u0430\u043d\u0441\u043a\u0430 \u043f\u043e\u0440\u043e\u0434\u0430 \u043a\u0443\u0447\u0435\u0442\u0430 \u0411\u0430\u0441\u0435\u043d\u0434\u0436\u0438 Basenji \u041a\u0443\u0447\u0435\u0448\u043a\u0438 \u0440\u0430\u0437\u0432\u044a\u0434\u043d\u0438\u043a \u0437\u0430 \u043f\u043e\u0440\u043e\u0434\u0438\u0441\u0442\u0438 \u043a\u0443\u0447\u0435\u0442\u0430 Basenji dogs\",\"breadcrumb\":{\"@id\":\"https:\/\/www.basenji.bg\/#breadcrumb\"},\"inLanguage\":\"en-US\",\"potentialAction\":[{\"@type\":\"ReadAction\",\"target\":[\"https:\/\/www.basenji.bg\/\"]}]},{\"@type\":\"BreadcrumbList\",\"@id\":\"https:\/\/www.basenji.bg\/#breadcrumb\",\"itemListElement\":[{\"@type\":\"ListItem\",\"position\":1,\"name\":\"Home\",\"item\":\"https:\/\/www.basenji.bg\/\"},{\"@type\":\"ListItem\",\"position\":2,\"name\":\"\u041d\u0430\u0447\u0430\u043b\u043e\"}]},{\"@type\":\"WebSite\",\"@id\":\"https:\/\/www.basenji.bg\/#website\",\"url\":\"https:\/\/www.basenji.bg\/\",\"name\":\"basenji.bg\",\"description\":\"Just another WordPress site\",\"publisher\":{\"@id\":\"https:\/\/www.basenji.bg\/#organization\"},\"potentialAction\":[{\"@type\":\"SearchAction\",\"target\":{\"@type\":\"EntryPoint\",\"urlTemplate\":\"https:\/\/www.basenji.bg\/?s={search_term_string}\"},\"query-input\":\"required name=search_term_string\"}],\"inLanguage\":\"en-US\"},{\"@type\":\"Organization\",\"@id\":\"https:\/\/www.basenji.bg\/#organization\",\"name\":\"basenji.bg\",\"url\":\"https:\/\/www.basenji.bg\/\",\"sameAs\":[],\"logo\":{\"@type\":\"ImageObject\",\"inLanguage\":\"en-US\",\"@id\":\"https:\/\/www.basenji.bg\/#\/schema\/logo\/image\/\",\"url\":\"https:\/\/www.basenji.bg\/wp-content\/uploads\/2023\/06\/cropped-0-02-05-903372d55bb87416dbd4d89f4ded481b7b841a4882194de10177cfd9fefd858d_4c1b7cdbc416a49b.png\",\"contentUrl\":\"https:\/\/www.basenji.bg\/wp-content\/uploads\/2023\/06\/cropped-0-02-05-903372d55bb87416dbd4d89f4ded481b7b841a4882194de10177cfd9fefd858d_4c1b7cdbc416a49b.png\",\"width\":999,\"height\":753,\"caption\":\"basenji.bg\"},\"image\":{\"@id\":\"https:\/\/www.basenji.bg\/#\/schema\/logo\/image\/\"}}]}<\/script>\n<!-- \/ Yoast SEO plugin. -->","yoast_head_json":{"title":"\u041f\u043e\u0440\u043e\u0434\u0430 \u043a\u0443\u0447\u0435\u0442\u0430 \u0411\u0430\u0441\u0435\u043d\u0434\u0436\u0438 \/ Basenji \u0420\u0430\u0437\u0432\u044a\u0434\u043d\u0438\u043a \u043d\u0430 \u043a\u0443\u0447\u0435\u0442\u0430 Basenji","description":"Basenji \u0420\u0430\u0437\u0432\u044a\u0434\u043d\u0438\u043a \u0437\u0430 \u043a\u0443\u0447\u0435\u0442\u0430 \u043e\u0442 \u043f\u043e\u0440\u043e\u0434\u0430 \u0411\u0430\u0441\u0435\u043d\u0434\u0436\u0438. \u0410\u0444\u0440\u0438\u043a\u0430\u043d\u0441\u043a\u0430 \u043f\u043e\u0440\u043e\u0434\u0430 \u043a\u0443\u0447\u0435\u0442\u0430 \u0411\u0430\u0441\u0435\u043d\u0434\u0436\u0438 Basenji \u041a\u0443\u0447\u0435\u0448\u043a\u0438 \u0440\u0430\u0437\u0432\u044a\u0434\u043d\u0438\u043a \u0437\u0430 \u043f\u043e\u0440\u043e\u0434\u0438\u0441\u0442\u0438 \u043a\u0443\u0447\u0435\u0442\u0430 Basenji dogs","robots":{"index":"index","follow":"follow","max-snippet":"max-snippet:-1","max-image-preview":"max-image-preview:large","max-video-preview":"max-video-preview:-1"},"canonical":"https:\/\/www.basenji.bg\/en\/","og_locale":"en_US","og_type":"article","og_title":"\u041f\u043e\u0440\u043e\u0434\u0430 \u043a\u0443\u0447\u0435\u0442\u0430 \u0411\u0430\u0441\u0435\u043d\u0434\u0436\u0438 \/ Basenji \u0420\u0430\u0437\u0432\u044a\u0434\u043d\u0438\u043a \u043d\u0430 \u043a\u0443\u0447\u0435\u0442\u0430 Basenji","og_description":"Basenji \u0420\u0430\u0437\u0432\u044a\u0434\u043d\u0438\u043a \u0437\u0430 \u043a\u0443\u0447\u0435\u0442\u0430 \u043e\u0442 \u043f\u043e\u0440\u043e\u0434\u0430 \u0411\u0430\u0441\u0435\u043d\u0434\u0436\u0438. \u0410\u0444\u0440\u0438\u043a\u0430\u043d\u0441\u043a\u0430 \u043f\u043e\u0440\u043e\u0434\u0430 \u043a\u0443\u0447\u0435\u0442\u0430 \u0411\u0430\u0441\u0435\u043d\u0434\u0436\u0438 Basenji \u041a\u0443\u0447\u0435\u0448\u043a\u0438 \u0440\u0430\u0437\u0432\u044a\u0434\u043d\u0438\u043a \u0437\u0430 \u043f\u043e\u0440\u043e\u0434\u0438\u0441\u0442\u0438 \u043a\u0443\u0447\u0435\u0442\u0430 Basenji dogs","og_url":"https:\/\/www.basenji.bg\/en\/","og_site_name":"basenji.bg","article_modified_time":"2022-10-01T08:03:08+00:00","twitter_card":"summary_large_image","schema":{"@context":"https:\/\/schema.org","@graph":[{"@type":"WebPage","@id":"https:\/\/www.basenji.bg\/","url":"https:\/\/www.basenji.bg\/","name":"\u041f\u043e\u0440\u043e\u0434\u0430 \u043a\u0443\u0447\u0435\u0442\u0430 \u0411\u0430\u0441\u0435\u043d\u0434\u0436\u0438 \/ Basenji \u0420\u0430\u0437\u0432\u044a\u0434\u043d\u0438\u043a \u043d\u0430 \u043a\u0443\u0447\u0435\u0442\u0430 Basenji","isPartOf":{"@id":"https:\/\/www.basenji.bg\/#website"},"datePublished":"2022-09-22T07:28:29+00:00","dateModified":"2022-10-01T08:03:08+00:00","description":"Basenji \u0420\u0430\u0437\u0432\u044a\u0434\u043d\u0438\u043a \u0437\u0430 \u043a\u0443\u0447\u0435\u0442\u0430 \u043e\u0442 \u043f\u043e\u0440\u043e\u0434\u0430 \u0411\u0430\u0441\u0435\u043d\u0434\u0436\u0438. \u0410\u0444\u0440\u0438\u043a\u0430\u043d\u0441\u043a\u0430 \u043f\u043e\u0440\u043e\u0434\u0430 \u043a\u0443\u0447\u0435\u0442\u0430 \u0411\u0430\u0441\u0435\u043d\u0434\u0436\u0438 Basenji \u041a\u0443\u0447\u0435\u0448\u043a\u0438 \u0440\u0430\u0437\u0432\u044a\u0434\u043d\u0438\u043a \u0437\u0430 \u043f\u043e\u0440\u043e\u0434\u0438\u0441\u0442\u0438 \u043a\u0443\u0447\u0435\u0442\u0430 Basenji dogs","breadcrumb":{"@id":"https:\/\/www.basenji.bg\/#breadcrumb"},"inLanguage":"en-US","potentialAction":[{"@type":"ReadAction","target":["https:\/\/www.basenji.bg\/"]}]},{"@type":"BreadcrumbList","@id":"https:\/\/www.basenji.bg\/#breadcrumb","itemListElement":[{"@type":"ListItem","position":1,"name":"Home","item":"https:\/\/www.basenji.bg\/"},{"@type":"ListItem","position":2,"name":"\u041d\u0430\u0447\u0430\u043b\u043e"}]},{"@type":"WebSite","@id":"https:\/\/www.basenji.bg\/#website","url":"https:\/\/www.basenji.bg\/","name":"basenji.bg","description":"Just another WordPress site","publisher":{"@id":"https:\/\/www.basenji.bg\/#organization"},"potentialAction":[{"@type":"SearchAction","target":{"@type":"EntryPoint","urlTemplate":"https:\/\/www.basenji.bg\/?s={search_term_string}"},"query-input":"required name=search_term_string"}],"inLanguage":"en-US"},{"@type":"Organization","@id":"https:\/\/www.basenji.bg\/#organization","name":"basenji.bg","url":"https:\/\/www.basenji.bg\/","sameAs":[],"logo":{"@type":"ImageObject","inLanguage":"en-US","@id":"https:\/\/www.basenji.bg\/#\/schema\/logo\/image\/","url":"https:\/\/www.basenji.bg\/wp-content\/uploads\/2023\/06\/cropped-0-02-05-903372d55bb87416dbd4d89f4ded481b7b841a4882194de10177cfd9fefd858d_4c1b7cdbc416a49b.png","contentUrl":"https:\/\/www.basenji.bg\/wp-content\/uploads\/2023\/06\/cropped-0-02-05-903372d55bb87416dbd4d89f4ded481b7b841a4882194de10177cfd9fefd858d_4c1b7cdbc416a49b.png","width":999,"height":753,"caption":"basenji.bg"},"image":{"@id":"https:\/\/www.basenji.bg\/#\/schema\/logo\/image\/"}}]}},"_links":{"self":[{"href":"https:\/\/www.basenji.bg\/en\/wp-json\/wp\/v2\/pages\/13"}],"collection":[{"href":"https:\/\/www.basenji.bg\/en\/wp-json\/wp\/v2\/pages"}],"about":[{"href":"https:\/\/www.basenji.bg\/en\/wp-json\/wp\/v2\/types\/page"}],"author":[{"embeddable":true,"href":"https:\/\/www.basenji.bg\/en\/wp-json\/wp\/v2\/users\/1"}],"replies":[{"embeddable":true,"href":"https:\/\/www.basenji.bg\/en\/wp-json\/wp\/v2\/comments?post=13"}],"version-history":[{"count":19,"href":"https:\/\/www.basenji.bg\/en\/wp-json\/wp\/v2\/pages\/13\/revisions"}],"predecessor-version":[{"id":85,"href":"https:\/\/www.basenji.bg\/en\/wp-json\/wp\/v2\/pages\/13\/revisions\/85"}],"wp:attachment":[{"href":"https:\/\/www.basenji.bg\/en\/wp-json\/wp\/v2\/media?parent=13"}],"curies":[{"name":"wp","href":"https:\/\/api.w.org\/{rel}","templated":true}]}}